{"id":41,"date":"2024-10-19T11:34:50","date_gmt":"2024-10-19T08:34:50","guid":{"rendered":"https:\/\/ghgroup.tr\/?page_id=41"},"modified":"2024-10-22T12:37:15","modified_gmt":"2024-10-22T09:37:15","slug":"ana-sayfa","status":"publish","type":"page","link":"https:\/\/ghgroup.tr\/","title":{"rendered":"\u200f\u200f\u200e\u200f\u200f\u200e \u200f\u200f\u200e\u200f\u200f\u200e \u200f\u200f\u200e\u200f\u200f\u200e \u200f\u200f\u200e\u200f\u200f\u200e \u200f\u200f\u200e\u200f\u200f\u200e \u200f\u200f\u200e\u200f\u200f\u200e \u200f\u200f\u200e\u200f\u200f\u200e \u200f\u200f\u200e\u200f\u200f\u200e \u200f\u200f\u200e\u200f\u200f\u200e \u200f\u200f\u200e\u200f\u200f\u200e \u200f\u200f\u200f\u200e\u200f\u200f\u200e"},"content":{"rendered":"\t\t<div data-elementor-type=\"wp-post\" data-elementor-id=\"41\" class=\"elementor elementor-41\" data-elementor-post-type=\"page\">\n\t\t\t\t<div class=\"elementor-element elementor-element-f3aa33d e-flex e-con-boxed e-con e-parent\" data-id=\"f3aa33d\" data-element_type=\"container\">\n\t\t\t\t\t<div class=\"e-con-inner\">\n\t\t\t\t<div class=\"elementor-element elementor-element-6ab1131 elementor-widget__width-initial elementor-widget elementor-widget-video\" data-id=\"6ab1131\" data-element_type=\"widget\" data-settings=\"{&quot;video_type&quot;:&quot;hosted&quot;,&quot;autoplay&quot;:&quot;yes&quot;,&quot;play_on_mobile&quot;:&quot;yes&quot;,&quot;mute&quot;:&quot;yes&quot;,&quot;loop&quot;:&quot;yes&quot;}\" data-widget_type=\"video.default\">\n\t\t\t\t<div class=\"elementor-widget-container\">\n\t\t\t\t\t<div class=\"e-hosted-video elementor-wrapper elementor-open-inline\">\n\t\t\t\t\t<video class=\"elementor-video\" src=\"https:\/\/ghgroup.tr\/wp-content\/uploads\/2024\/10\/GH-GROUP.mp4\" autoplay=\"\" loop=\"\" muted=\"muted\" playsinline=\"\"><\/video>\n\t\t\t\t<\/div>\n\t\t\t\t<\/div>\n\t\t\t\t<\/div>\n\t\t\t\t\t<\/div>\n\t\t\t\t<\/div>\n\t\t<div class=\"elementor-element elementor-element-2882239 e-flex e-con-boxed e-con e-parent\" data-id=\"2882239\" data-element_type=\"container\">\n\t\t\t\t\t<div class=\"e-con-inner\">\n\t\t<div class=\"elementor-element elementor-element-3619d23 e-con-full e-flex e-con e-child\" data-id=\"3619d23\" data-element_type=\"container\">\n\t\t\t\t<div class=\"elementor-element elementor-element-6aceef2 elementor-widget elementor-widget-image\" data-id=\"6aceef2\" data-element_type=\"widget\" data-widget_type=\"image.default\">\n\t\t\t\t<div class=\"elementor-widget-container\">\n\t\t\t\t\t\t\t\t\t\t<figure class=\"wp-caption\">\n\t\t\t\t\t\t\t\t\t\t\t<a href=\"https:\/\/gh.com.tr\/\" target=\"_blank\">\n\t\t\t\t\t\t\t<img decoding=\"async\" src=\"https:\/\/ghgroup.tr\/wp-content\/uploads\/elementor\/thumbs\/GH-PNG1-qvsnyosu9m4sfqypntb8gh8n5gwfjn4p5q42p9nsck.png\" title=\"GH PNG1\" alt=\"\" loading=\"lazy\" \/>\t\t\t\t\t\t\t\t<\/a>\n\t\t\t\t\t\t\t\t\t\t\t<figcaption class=\"widget-image-caption wp-caption-text\"> EDUCATION<\/figcaption>\n\t\t\t\t\t\t\t\t\t\t<\/figure>\n\t\t\t\t\t\t\t<\/div>\n\t\t\t\t<\/div>\n\t\t\t\t<\/div>\n\t\t<div class=\"elementor-element elementor-element-f07b4a6 e-con-full e-flex e-con e-child\" data-id=\"f07b4a6\" data-element_type=\"container\">\n\t\t\t\t<div class=\"elementor-element elementor-element-947c4f7 elementor-widget elementor-widget-image\" data-id=\"947c4f7\" data-element_type=\"widget\" data-widget_type=\"image.default\">\n\t\t\t\t<div class=\"elementor-widget-container\">\n\t\t\t\t\t\t\t\t\t\t<figure class=\"wp-caption\">\n\t\t\t\t\t\t\t\t\t\t\t<a href=\"https:\/\/www.yugev.org\/\" target=\"_blank\">\n\t\t\t\t\t\t\t<img decoding=\"async\" src=\"https:\/\/ghgroup.tr\/wp-content\/uploads\/elementor\/thumbs\/yugev-1429x1428-1-qvp2toxk2i09qjw2j9cx6mxgkr7n0cxqnbvf3arv44.png\" title=\"yugev 1429&#215;1428\" alt=\"\" loading=\"lazy\" \/>\t\t\t\t\t\t\t\t<\/a>\n\t\t\t\t\t\t\t\t\t\t\t<figcaption class=\"widget-image-caption wp-caption-text\">YUGEV<\/figcaption>\n\t\t\t\t\t\t\t\t\t\t<\/figure>\n\t\t\t\t\t\t\t<\/div>\n\t\t\t\t<\/div>\n\t\t\t\t<\/div>\n\t\t<div class=\"elementor-element elementor-element-f52bbbd e-con-full e-flex e-con e-child\" data-id=\"f52bbbd\" data-element_type=\"container\">\n\t\t\t\t<div class=\"elementor-element elementor-element-468c66f elementor-widget elementor-widget-image\" data-id=\"468c66f\" data-element_type=\"widget\" data-widget_type=\"image.default\">\n\t\t\t\t<div class=\"elementor-widget-container\">\n\t\t\t\t\t\t\t\t\t\t<figure class=\"wp-caption\">\n\t\t\t\t\t\t\t\t\t\t\t<a href=\"https:\/\/ghtraining.tr\/\" target=\"_blank\">\n\t\t\t\t\t\t\t<img decoding=\"async\" src=\"https:\/\/ghgroup.tr\/wp-content\/uploads\/elementor\/thumbs\/b2c63748-ba1b-485e-b76a-81c20ee6909a-e1729352902156-qvsmympq3ert29c97q7gb2t2scmj9mzdv96iy54h1g.png\" title=\"b2c63748-ba1b-485e-b76a-81c20ee6909a\" alt=\"\" loading=\"lazy\" \/>\t\t\t\t\t\t\t\t<\/a>\n\t\t\t\t\t\t\t\t\t\t\t<figcaption class=\"widget-image-caption wp-caption-text\">TRAINING<\/figcaption>\n\t\t\t\t\t\t\t\t\t\t<\/figure>\n\t\t\t\t\t\t\t<\/div>\n\t\t\t\t<\/div>\n\t\t\t\t<\/div>\n\t\t<div class=\"elementor-element elementor-element-0e53941 e-con-full e-flex e-con e-child\" data-id=\"0e53941\" data-element_type=\"container\">\n\t\t\t\t<div class=\"elementor-element elementor-element-bda6e09 elementor-widget elementor-widget-image\" data-id=\"bda6e09\" data-element_type=\"widget\" data-widget_type=\"image.default\">\n\t\t\t\t<div class=\"elementor-widget-container\">\n\t\t\t\t\t\t\t\t\t\t<figure class=\"wp-caption\">\n\t\t\t\t\t\t\t\t\t\t\t<a href=\"https:\/\/www.rebergroup.com.tr\/\">\n\t\t\t\t\t\t\t<img decoding=\"async\" src=\"https:\/\/ghgroup.tr\/wp-content\/uploads\/elementor\/thumbs\/reber-logo-qvsnw7i68cqjsskf58podlrupv4k8ea75g4y3zc6ro.jpg\" title=\"reber logo\" alt=\"\" loading=\"lazy\" \/>\t\t\t\t\t\t\t\t<\/a>\n\t\t\t\t\t\t\t\t\t\t\t<figcaption class=\"widget-image-caption wp-caption-text\">REBER  INC.<\/figcaption>\n\t\t\t\t\t\t\t\t\t\t<\/figure>\n\t\t\t\t\t\t\t<\/div>\n\t\t\t\t<\/div>\n\t\t\t\t<\/div>\n\t\t\t\t\t<\/div>\n\t\t\t\t<\/div>\n\t\t<div class=\"elementor-element elementor-element-ddc6dfc e-flex e-con-boxed e-con e-parent\" data-id=\"ddc6dfc\" data-element_type=\"container\">\n\t\t\t\t\t<div class=\"e-con-inner\">\n\t\t\t\t<div class=\"elementor-element elementor-element-c10df35 elementor-widget elementor-widget-spacer\" data-id=\"c10df35\" data-element_type=\"widget\" data-widget_type=\"spacer.default\">\n\t\t\t\t<div class=\"elementor-widget-container\">\n\t\t\t\t\t<div class=\"elementor-spacer\">\n\t\t\t<div class=\"elementor-spacer-inner\"><\/div>\n\t\t<\/div>\n\t\t\t\t<\/div>\n\t\t\t\t<\/div>\n\t\t\t\t\t<\/div>\n\t\t\t\t<\/div>\n\t\t<div class=\"elementor-element elementor-element-a4ad795 e-flex e-con-boxed e-con e-parent\" data-id=\"a4ad795\" data-element_type=\"container\">\n\t\t\t\t\t<div class=\"e-con-inner\">\n\t\t\t\t<div class=\"elementor-element elementor-element-3286ec6 elementor-headline--style-highlight elementor-widget elementor-widget-animated-headline\" data-id=\"3286ec6\" data-element_type=\"widget\" data-settings=\"{&quot;highlighted_text&quot;:&quot;LIBYA&quot;,&quot;headline_style&quot;:&quot;highlight&quot;,&quot;marker&quot;:&quot;circle&quot;,&quot;loop&quot;:&quot;yes&quot;,&quot;highlight_animation_duration&quot;:1200,&quot;highlight_iteration_delay&quot;:8000}\" data-widget_type=\"animated-headline.default\">\n\t\t\t\t<div class=\"elementor-widget-container\">\n\t\t\t\t\t<h3 class=\"elementor-headline\">\n\t\t\t\t<span class=\"elementor-headline-dynamic-wrapper elementor-headline-text-wrapper\">\n\t\t\t\t\t<span class=\"elementor-headline-dynamic-text elementor-headline-text-active\">LIBYA<\/span>\n\t\t\t\t<\/span>\n\t\t\t\t\t<span class=\"elementor-headline-plain-text elementor-headline-text-wrapper\">TRIPOLI <\/span>\n\t\t\t\t\t<\/h3>\n\t\t\t\t<\/div>\n\t\t\t\t<\/div>\n\t\t\t\t\t<\/div>\n\t\t\t\t<\/div>\n\t\t<div class=\"elementor-element elementor-element-8409951 e-flex e-con-boxed e-con e-parent\" data-id=\"8409951\" data-element_type=\"container\">\n\t\t\t\t\t<div class=\"e-con-inner\">\n\t\t\t\t<div class=\"elementor-element elementor-element-3a29fe1 elementor-widget elementor-widget-google_maps\" data-id=\"3a29fe1\" data-element_type=\"widget\" data-widget_type=\"google_maps.default\">\n\t\t\t\t<div class=\"elementor-widget-container\">\n\t\t\t\t\t<div class=\"elementor-custom-embed\">\n\t\t\t<iframe loading=\"lazy\"\n\t\t\t\t\tsrc=\"https:\/\/maps.google.com\/maps?q=GH%20TRANING&#038;t=m&#038;z=14&#038;output=embed&#038;iwloc=near\"\n\t\t\t\t\ttitle=\"GH TRANING\"\n\t\t\t\t\taria-label=\"GH TRANING\"\n\t\t\t><\/iframe>\n\t\t<\/div>\n\t\t\t\t<\/div>\n\t\t\t\t<\/div>\n\t\t\t\t\t<\/div>\n\t\t\t\t<\/div>\n\t\t<div class=\"elementor-element elementor-element-a3bf165 e-flex e-con-boxed e-con e-parent\" data-id=\"a3bf165\" data-element_type=\"container\">\n\t\t\t\t\t<div class=\"e-con-inner\">\n\t\t\t\t<div class=\"elementor-element elementor-element-08baf26 elementor-headline--style-highlight elementor-widget elementor-widget-animated-headline\" data-id=\"08baf26\" data-element_type=\"widget\" data-settings=\"{&quot;highlighted_text&quot;:&quot;TURKEY&quot;,&quot;headline_style&quot;:&quot;highlight&quot;,&quot;marker&quot;:&quot;circle&quot;,&quot;loop&quot;:&quot;yes&quot;,&quot;highlight_animation_duration&quot;:1200,&quot;highlight_iteration_delay&quot;:8000}\" data-widget_type=\"animated-headline.default\">\n\t\t\t\t<div class=\"elementor-widget-container\">\n\t\t\t\t\t<h3 class=\"elementor-headline\">\n\t\t\t\t<span class=\"elementor-headline-dynamic-wrapper elementor-headline-text-wrapper\">\n\t\t\t\t\t<span class=\"elementor-headline-dynamic-text elementor-headline-text-active\">TURKEY<\/span>\n\t\t\t\t<\/span>\n\t\t\t\t\t<span class=\"elementor-headline-plain-text elementor-headline-text-wrapper\">ANKARA <\/span>\n\t\t\t\t\t<\/h3>\n\t\t\t\t<\/div>\n\t\t\t\t<\/div>\n\t\t\t\t\t<\/div>\n\t\t\t\t<\/div>\n\t\t<div class=\"elementor-element elementor-element-63788a7 e-flex e-con-boxed e-con e-parent\" data-id=\"63788a7\" data-element_type=\"container\">\n\t\t\t\t\t<div class=\"e-con-inner\">\n\t\t\t\t<div class=\"elementor-element elementor-element-6f31f61 elementor-widget elementor-widget-google_maps\" data-id=\"6f31f61\" data-element_type=\"widget\" data-widget_type=\"google_maps.default\">\n\t\t\t\t<div class=\"elementor-widget-container\">\n\t\t\t\t\t<div class=\"elementor-custom-embed\">\n\t\t\t<iframe loading=\"lazy\"\n\t\t\t\t\tsrc=\"https:\/\/maps.google.com\/maps?q=ANKARA%20GH%20GROUP&#038;t=m&#038;z=10&#038;output=embed&#038;iwloc=near\"\n\t\t\t\t\ttitle=\"ANKARA GH GROUP\"\n\t\t\t\t\taria-label=\"ANKARA GH GROUP\"\n\t\t\t><\/iframe>\n\t\t<\/div>\n\t\t\t\t<\/div>\n\t\t\t\t<\/div>\n\t\t\t\t\t<\/div>\n\t\t\t\t<\/div>\n\t\t<div class=\"elementor-element elementor-element-1454f70 e-flex e-con-boxed e-con e-parent\" data-id=\"1454f70\" data-element_type=\"container\">\n\t\t\t\t\t<div class=\"e-con-inner\">\n\t\t\t\t<div class=\"elementor-element elementor-element-bf4f65d elementor-widget elementor-widget-spacer\" data-id=\"bf4f65d\" data-element_type=\"widget\" data-widget_type=\"spacer.default\">\n\t\t\t\t<div class=\"elementor-widget-container\">\n\t\t\t\t\t<div class=\"elementor-spacer\">\n\t\t\t<div class=\"elementor-spacer-inner\"><\/div>\n\t\t<\/div>\n\t\t\t\t<\/div>\n\t\t\t\t<\/div>\n\t\t\t\t<div class=\"elementor-element elementor-element-c982171 elementor-headline--style-highlight elementor-widget elementor-widget-animated-headline\" data-id=\"c982171\" data-element_type=\"widget\" data-settings=\"{&quot;highlighted_text&quot;:&quot;TURKEY&quot;,&quot;headline_style&quot;:&quot;highlight&quot;,&quot;marker&quot;:&quot;circle&quot;,&quot;loop&quot;:&quot;yes&quot;,&quot;highlight_animation_duration&quot;:1200,&quot;highlight_iteration_delay&quot;:8000}\" data-widget_type=\"animated-headline.default\">\n\t\t\t\t<div class=\"elementor-widget-container\">\n\t\t\t\t\t<h3 class=\"elementor-headline\">\n\t\t\t\t<span class=\"elementor-headline-dynamic-wrapper elementor-headline-text-wrapper\">\n\t\t\t\t\t<span class=\"elementor-headline-dynamic-text elementor-headline-text-active\">TURKEY<\/span>\n\t\t\t\t<\/span>\n\t\t\t\t\t<span class=\"elementor-headline-plain-text elementor-headline-text-wrapper\">ISTANBUL<\/span>\n\t\t\t\t\t<\/h3>\n\t\t\t\t<\/div>\n\t\t\t\t<\/div>\n\t\t\t\t\t<\/div>\n\t\t\t\t<\/div>\n\t\t<div class=\"elementor-element elementor-element-d972b0d e-flex e-con-boxed e-con e-parent\" data-id=\"d972b0d\" data-element_type=\"container\">\n\t\t\t\t\t<div class=\"e-con-inner\">\n\t\t\t\t<div class=\"elementor-element elementor-element-9ef3572 elementor-widget elementor-widget-google_maps\" data-id=\"9ef3572\" data-element_type=\"widget\" data-widget_type=\"google_maps.default\">\n\t\t\t\t<div class=\"elementor-widget-container\">\n\t\t\t\t\t<div class=\"elementor-custom-embed\">\n\t\t\t<iframe loading=\"lazy\"\n\t\t\t\t\tsrc=\"https:\/\/maps.google.com\/maps?q=TOPKAPI%20%C3%9CN%C4%B0VERS%C4%B0TAS%C4%B0%20BALAT&#038;t=m&#038;z=10&#038;output=embed&#038;iwloc=near\"\n\t\t\t\t\ttitle=\"TOPKAPI \u00dcN\u0130VERS\u0130TAS\u0130 BALAT\"\n\t\t\t\t\taria-label=\"TOPKAPI \u00dcN\u0130VERS\u0130TAS\u0130 BALAT\"\n\t\t\t><\/iframe>\n\t\t<\/div>\n\t\t\t\t<\/div>\n\t\t\t\t<\/div>\n\t\t\t\t\t<\/div>\n\t\t\t\t<\/div>\n\t\t\t\t<\/div>\n\t\t","protected":false},"excerpt":{"rendered":"<p>https:\/\/ghgroup.tr\/wp-content\/uploads\/2024\/10\/GH-GROUP.mp4 EDUCATION YUGEV TRAINING REBER INC. LIBYA TRIPOLI TURKEY ANKARA TURKEY ISTANBUL<\/p>\n","protected":false},"author":1,"featured_media":0,"parent":0,"menu_order":0,"comment_status":"closed","ping_status":"closed","template":"elementor_header_footer","meta":{"footnotes":""},"class_list":["post-41","page","type-page","status-publish","hentry"],"_links":{"self":[{"href":"https:\/\/ghgroup.tr\/index.php?rest_route=\/wp\/v2\/pages\/41","targetHints":{"allow":["GET"]}}],"collection":[{"href":"https:\/\/ghgroup.tr\/index.php?rest_route=\/wp\/v2\/pages"}],"about":[{"href":"https:\/\/ghgroup.tr\/index.php?rest_route=\/wp\/v2\/types\/page"}],"author":[{"embeddable":true,"href":"https:\/\/ghgroup.tr\/index.php?rest_route=\/wp\/v2\/users\/1"}],"replies":[{"embeddable":true,"href":"https:\/\/ghgroup.tr\/index.php?rest_route=%2Fwp%2Fv2%2Fcomments&post=41"}],"version-history":[{"count":402,"href":"https:\/\/ghgroup.tr\/index.php?rest_route=\/wp\/v2\/pages\/41\/revisions"}],"predecessor-version":[{"id":519,"href":"https:\/\/ghgroup.tr\/index.php?rest_route=\/wp\/v2\/pages\/41\/revisions\/519"}],"wp:attachment":[{"href":"https:\/\/ghgroup.tr\/index.php?rest_route=%2Fwp%2Fv2%2Fmedia&parent=41"}],"curies":[{"name":"wp","href":"https:\/\/api.w.org\/{rel}","templated":true}]}}